{"id":1220,"date":"2020-04-13T10:53:05","date_gmt":"2020-04-13T10:53:05","guid":{"rendered":"http:\/\/dukes.space\/?page_id=1220"},"modified":"2026-02-21T16:56:08","modified_gmt":"2026-02-21T16:56:08","slug":"peer-reviewed-articles","status":"publish","type":"page","link":"http:\/\/dukes.space\/fr\/peer-reviewed-articles\/","title":{"rendered":"Articles"},"content":{"rendered":"\n<div class=\"wp-block-columns is-layout-flex wp-container-core-columns-is-layout-9d6595d7 wp-block-columns-is-layout-flex\">\n<div class=\"wp-block-column is-layout-flow wp-block-column-is-layout-flow\">\n<p><strong><span style=\"font-size: 8pt;\">Walle &amp; Dukes (2023) in <em>Affective Science<\/em> challenge researchers to think again about valence.<br><\/span><\/strong><\/p>\n<\/div>\n\n\n\n<div class=\"wp-block-column is-layout-flow wp-block-column-is-layout-flow\">\n<p style=\"text-align: justify;\"><strong><span style=\"font-size: 8pt;\">Dukes, Abrams et al (2021) in Nature Human Behaviour highlight <em>affectivis<\/em><\/span><\/strong><strong><span style=\"font-size: 8pt;\"><em>m <\/em>as a new approach and, perhaps, a new scientific era.<br><\/span><\/strong><\/p>\n<\/div>\n\n\n\n<div class=\"wp-block-column is-layout-flow wp-block-column-is-layout-flow\">\n<p><strong><span style=\"font-size: 8pt;\">Gruber et al. (2021) in&nbsp;<em>Psychological Science extends affective social learning to the animal world and to non-human primates in particular.<\/em><\/span><\/strong><\/p>\n<\/div>\n<\/div>\n\n\n\n<p><span style=\"font-family: times new roman, times, serif;\"><strong>2026<\/strong><\/span><\/p>\n<p class=\"c-bibliographic-information__citation\">Lopez, L. &amp; Dukes, D. (2026). The role of emotion in early learning. <i>Child Development Perspectives. <a href=\"https:\/\/doi.org\/10.1093\/cdpers\/aadaf012\">https:\/\/doi.org\/10.1093\/cdpers\/aadaf012<\/a><\/i><\/p>\n<p><span style=\"font-family: times new roman, times, serif;\"><strong>2024<\/strong><\/span><\/p>\n<p>Dukes, D., Audrin, C., Cl\u00e9ment, F., &amp; Mortillaro, M. (2024). Comparing competing characterizations suggests there might be more than one type of interest. <em>Scientific Reports. <\/em>19949. <a href=\"https:\/\/doi.org\/10.1038\/s41598-024-70751-6\">https:\/\/doi.org\/10.1038\/s41598-024-70751-6<\/a><em><br \/><\/em><\/p>\n<p>Dukes, D. &amp; Sander, D. (in press). Affectivism and the emotional elephant: How a componential approach can reconcile opposing theories to serve the future of affective sciences. <em>Affective Science. <\/em><a href=\"https:\/\/doi.org\/10.1007\/s42761-024-00272-y\">https:\/\/doi.org\/10.1007\/s42761-024-00272-y<\/a><em><br \/><\/em><\/p>\n<p>Fares-Otero, N.E., Sharp, T., Balle, S.R., Quaatz, S.M., Vieta, E., \u00c5hs, F., Allgaier, A-K., Ar\u00e9valo, A., \u00a0Bachem, R., Belete, H., Belete, T., Berengi, A., Capraz, N., Ceylan, D., Dukes, D\u2026 , Pfaltz, M.C., Halligan, S.L. (2024). Social support and (complex) post-traumatic stress symptom severity: does gender matter? <em>European Journal of Psychotraumatology. 15<\/em>(1)<em>.<\/em> https:\/\/doi.org\/10.1080\/20008066.2024.2398921<\/p>\n<p>Haim-Nachum, S., Sopp, M.R., L\u00fc\u00f6nd, A., Afzal, N., \u00c5hs, F., Allgaier, A-K., Ar\u00e9valo, A., Asongwe, C., Bachem, R., Balle, S., Belete, H., Belete, T., Berzengi, A., Capraz, N., Ceylan, D., Dukes, D., Essadek, A., Fares-Otero, N., Halligan, S., &#8230; Spies, G. &amp; Pfalt, M. (in press). Childhood maltreatment is linked to larger preferred interpersonal distances towards friends and strangers across the globe. <em>Translational Psychiatry. 14, 339. <\/em><a href=\"https:\/\/doi.org\/10.1038\/s41398-024-02980-2\">https:\/\/doi.org\/10.1038\/s41398-024-02980-2<\/a><em><br \/><\/em><\/p>\n<p>Stussi, Y., Dukes, D., &amp; Sander, D. (2024). Commentary: The added value of affective processes for models of human cognition and learning. <em>Behavioral and Brain Sciences<\/em>. 47, e165.\u00a0 <a href=\"https:\/\/doi.org\/10.1017\/S0140525X24000207\">https:\/\/doi.org\/10.1017\/S0140525X24000207\u00a0<\/a><\/p>\n<p>Zhukov, V., Petersen, A.M., Dukes, D., Sander, D., Tsiamyrtzis, P., &amp; Pavlidis, I. (2024). Science convergence in affective research is associated with impactful multidisciplinary appeal rather than multidisciplinary content. <em>Communications Psychology. <\/em>2, 83. <a href=\"https:\/\/doi.org\/10.1038\/s44271-024-00129-x\">https:\/\/doi.org\/10.1038\/s44271-024-00129-x<\/a><\/p>\n<p><span style=\"font-family: times new roman, times, serif;\"><strong>2023<\/strong><\/span><\/p>\n<p>Di\u00a0 Poi, G., Dukes, D., Meuleman, B., Banta Lavenex, P., Lavanex, P., Papon, A., Tran, M., Stallmann, L., Treichel, N., &amp; Samson, A. (2023). Anxiety in families of individuals with neurodevelopmental conditions in the early months of the COVID-19 pandemic in Switzerland. <em>Frontiers in Education, 8. <\/em><a href=\"https:\/\/doi.org\/10.3389\/feduc.2023.951970\">https:\/\/doi.org\/10.3389\/feduc.2023.951970<\/a><\/p>\n<p>Mart\u00ednez-Castilla P, Campos R, Samson AC, Van Herwegen J, &amp; Dukes D. (2023). Perceived Anxiety in Family Caregivers of Individuals with Autism Spectrum Disorder, Down Syndrome and Williams Syndrome during the Lockdown of the First COVID-19 Wave in Spain. Actas Espanolas de Psiquiatria. 51(2), 56-64. PMID: 37218100.<\/p>\n<p>Sideropoulos, V., Van Herwegen, J., Meuleman, B., Alessandri, M., Alnemary, F. M., Rad, J. A., Lavenex, P. A. B., Bolshakov, N., B\u00f6lte, S., Buffle, P., Cai, R. Y., Campos, R., Chirita-Emandi, A., Costa, A. P., Costanzo, F., Des Portes, V., Dukes, D., Faivre, L., Famelart, N., Fisher, M. H., \u2026 Samson, A. C. (2023). Anxiety, concerns and COVID-19: Cross-country perspectives from families and individuals with neurodevelopmental conditions. <i>Journal of Global Health<\/i>, <i>13<\/i>, 04081. <a href=\"https:\/\/doi.org\/10.7189\/jogh.13.04081\">https:\/\/doi.org\/10.7189\/jogh.13.04081<\/a><\/p>\n<p>Stallmann, L., Tran, M., Rudrauf, D., Dukes, D.,* &amp; Samson, A.C.* (2023). <span lang=\"EN-US\">Simulating social emotion regulation in Virtual Reality: <\/span><span lang=\"EN-US\">Effect of virtual social support following ostracism in a Cyberball game. <em>International Journal of Emerging Technologies in Learning (iJET). <i>18<\/i>(07), 4\u201327.<\/em> <a href=\"https:\/\/doi.org\/10.3991\/ijet.v18i07.29419\">https:\/\/doi.org\/10.3991\/ijet.v18i07.29419<\/a><\/span><\/p>\n<div class=\"c-bibliographic-information__column\">\n<p class=\"c-bibliographic-information__citation\">Treichel, N., Dukes, D., Barisnikov, K., &amp; Samson, A. C. (2023). Appreciation of Slapstick Humour and Expressivity in Response to Amusing Stimuli in Individuals with Williams Syndrome. <i>Advances in Neurodevelopmental Disorders<\/i> (2023). <a href=\"https:\/\/doi.org\/10.1007\/s41252-023-00356-z\">https:\/\/doi.org\/10.1007\/s41252-023-00356-z<\/a><\/p>\n<p class=\"c-bibliographic-information__citation\">Treichel, N., Dukes, D., Meuleman, B., Van Herwegen, J., &amp; Samson, A. C. (2023). \u201cNot in the mood\u201d: The fear of being laughed at is better predicted by humor temperament traits than diagnosis in neurodevelopmental conditions. <i>Research in Developmental Disabilities<\/i>, <i>137<\/i>, 104513. <a href=\"https:\/\/doi.org\/10.1016\/j.ridd.2023.104513\">https:\/\/doi.org\/10.1016\/j.ridd.2023.104513<\/a><\/p>\n<p class=\"c-bibliographic-information__citation\">Walle, E. A., &amp; Dukes, D. (2023). We (Still!) Need to Talk About Valence: Contemporary Issues and Recommendations for Affective Science. <i>Affective Science<\/i>, 4, 463-469. <a href=\"https:\/\/doi.org\/10.1007\/s42761-023-00217-x\">https:\/\/doi.org\/10.1007\/s42761-023-00217-x<\/a><\/p>\n<p class=\"c-bibliographic-information__citation\">Wang, F., Memis, I., Durocher, J. S., Furar, E., Cavalcante, L., Eshraghi, R. S., &#8230; Dukes, D., &#8230; &amp; Eshraghi, A. A. (2023). Efficacy of coping mechanisms used during COVID-19 as reported by parents of children with autism. <i>Plos one<\/i>, <i>18<\/i>(4), e0283494. <a href=\"https:\/\/doi.org\/10.1371\/journal.pone.0283494\">https:\/\/doi.org\/10.1371\/journal.pone.0283494<\/a><\/p>\n<\/div>\n<p><strong><span style=\"font-family: times new roman, times, serif;\">2022<br \/><\/span><\/strong>Furar, E., Wang, F., Duricher, J. S., Ahn, Y. A., Memis, I., Cavalcante, L., &#8230; Eshraghi, A. A. (2022). The impact of COVID-19 on individuals with ASD in the US: parent perspectives on social and support concerns. <em>PLOS ONE. <\/em><span dir=\"ltr\" role=\"presentation\"> 17(8): e0270845.<\/span><a href=\"https:\/\/doi.org\/10.1371\/journal.pone.0270845\"><span dir=\"ltr\" role=\"presentation\"> https:\/\/doi.<\/span><span dir=\"ltr\" role=\"presentation\">org\/10.1371\/journal.pone.0270845<\/span><\/a><em><br \/><\/em><\/p>\n<p>Pfaltz, M., Halligan, S., Haim-Nachum, S., Sopp, R., \u00c5hs, F., Bachem, R., \u2026 Seedat, S. (2022). Social functioning in individuals affected by childhood maltreatment: establishing a research agenda to inform interventions. <em>Psychotherapy and Psychosomatics,<\/em><span dir=\"ltr\" role=\"presentation\">91<\/span><em><span dir=\"ltr\" role=\"presentation\">(4)<\/span><\/em><span dir=\"ltr\" role=\"presentation\">, 238\u2013251.<\/span> <a href=\"https:\/\/doi.org\/10.1159\/000523667\">https:\/\/doi.org\/10.1159\/000523667 <\/a><\/p>\n<p>Sideropoulos, V., Kye, H., Dukes, D. <i>et al.<\/i> (2022). Anxiety and Worries of Individuals with Down Syndrome During the COVID-19 Pandemic: A Comparative Study in the UK. <em>Journal of Autism and Developmental Disorders.<\/em> <a href=\"https:\/\/doi.org\/10.1007\/s10803-022-05450-0\">https:\/\/doi.org\/10.1007\/s10803-022-05450-0<\/a><\/p>\n<p>Samson, A.C.,* Sokhn, N., Van Herwegen, J., &amp; Dukes, D. (in press). An exploratory study on emotion regulation strategy use in individuals with Williams syndrome, Autism Spectrum Disorder and Intellectual Disability. <em>Frontiers in Psychiatry, 13, <\/em><a href=\"https:\/\/doi.org\/10.3389\/fpsyt.2022.940872\">https:\/\/doi.org\/10.3389\/fpsyt.2022.940872<\/a><\/p>\n<p>Stallmann, L., Dukes, D., Tran, M., Durand de Gevigney, V., Rudrauf, D., &amp; Samson, A. C. (2022). Socially supported by an embodied agent: The development of a virtual-reality paradigm to study social emotion regulation.\u00a0<em>Frontiers in Virtual Reality.<\/em> <a href=\"https:\/\/doi.org\/10.3389\/frvir.2022.826241\">https:\/\/doi.org\/10.3389\/frvir.2022.826241<\/a><\/p>\n<p>Treichel, N., Dukes, D., Barisnikov, K., &amp; Samson, A.C. (2022). How cognitive, social, and emotional profiles impact humor appreciation: Sense of humor in autism spectrum disorder and Williams syndrome. <em>Humor: International Journal of Humour Research. 35, (1), 113-133.\u00a0<\/em> <a href=\"https:\/\/doi.org\/10.1515\/humor-2021-0038\">https:\/\/doi.org\/10.1515\/humor-2021-0038<\/a><\/p>\n<p><strong><span style=\"font-family: times new roman, times, serif;\">2021<\/span><br \/><\/strong>Di Poi, G., Dukes, D. Tran, M., &amp; Samson, A. C. (2021). Comment les familles d\u2019enfants avec besoins \u00e9ducatifs particuliers ont v\u00e9cu la crise de la COVID-19 : Observations pr\u00e9liminaires pour la Suisse. [How families with children with special educational needs experienced the Covid-19 crisis: preliminary observations for Switzerland]. <em>Revue suisse de p\u00e9dagogie sp\u00e9cialis\u00e9e.<\/em> <em>1<\/em>, 9-18.<em><br \/><\/em><\/p>\n<p>Dukes<span class=\"\" lang=\"EN-GB\">, D.*, <\/span>Abrams,<span class=\"\" lang=\"EN-GB\"> K.,<\/span> Adolphs, <span class=\"\" lang=\"EN-GB\">R.,<\/span> Ahmed,<span class=\"\" lang=\"EN-GB\"> M. E.,<\/span> Beatty,<span class=\"\" lang=\"EN-GB\"> A.,<\/span> Berridge,<span class=\"\" lang=\"EN-GB\"> K. C.,<\/span> Broomhall,<span class=\"\" lang=\"EN-GB\"> S.,<\/span> Brosch,<span class=\"\" lang=\"EN-GB\"> T.,<\/span> Campos,<span class=\"\" lang=\"EN-GB\"> J. J., <\/span>Clay,<span class=\"\" lang=\"EN-GB\"> Z.,<\/span> Cl\u00e9ment, <span class=\"\" lang=\"EN-GB\">F.,<\/span> Cunningham, <span class=\"\" lang=\"EN-GB\">W. A., <\/span>Damasio<span class=\"\" lang=\"EN-GB\">, A.<\/span>, Damasio,<span class=\"\" lang=\"EN-GB\"> H.,<\/span> D&#8217;Arms,<span class=\"\" lang=\"EN-GB\"> J.<\/span> Davidson, <span class=\"\" lang=\"EN-GB\">J. W.,<\/span> de Gelder, <span class=\"\" lang=\"EN-GB\">B.,<\/span> Deonna,<span class=\"\" lang=\"EN-GB\"> J., <\/span>de Sousa,<span class=\"\" lang=\"EN-GB\"> R.,<\/span>\u2026 <span class=\"\" lang=\"EN-US\">Sander, D.* (2021). The rise of affectivism, <i class=\"\">Nature Human Behaviour, 5, <\/i>816-820. <a href=\"https:\/\/doi.org\/10.1038\/s41562-021-01130-8\">https:\/\/doi.org\/10.1038\/s41562-021-01130-8<\/a><i class=\"\"><br \/><\/i><\/span><\/p>\n<p>Dukes, D. et Audrin, C. (2021). \u00c9motions positives \u00e0 l\u2019\u00e9cole\u00a0: quel int\u00e9r\u00eat\u00a0? [Positive emotions at school: where is the interest?]. <em>Educateur (L)&#8217;, 4, <\/em>4-5.<\/p>\n<p>Dukes, D., &amp; Samson, A. C. (2021). COVID-19\u00a0: Donnons la parole aux parents d\u2019enfants avec des besoins \u00e9ducatifs particuliers [COVID-19: giving voice to the parents of children with special educational needs].\u00a0<em>Pages romandes : Revue sur la p\u00e9dagogie sp\u00e9cialis\u00e9e les d\u00e9ficiences intellectuelles et d\u00e9veloppementales. 3<\/em>, 28-31.<\/p>\n<p>Gruber, T*., Bazhydai, M., Sievers, C., Cl\u00e9ment., F., &amp; Dukes, D.* (2021). The ABC of social learning: Affect, Behaviour and Cognition. <em>Psychological Review.<\/em> <a href=\"https:\/\/doi.org\/10.1037\/rev0000311\">https:\/\/doi.org\/10.1037\/rev0000311<\/a><\/p>\n<p>Penic, S., Dukes, D., Elcheroth, G., Jayakody, S., &amp; Sander, D. (2021). Beyond personal empathy: Perceiving inclusive empathy as socially shared predicts support for transitional justice mechanisms. <em>Affective Science. <\/em><a href=\"https:\/\/doi.org\/10.1007\/s42761-021-00086-2\">https:\/\/doi.org\/10.1007\/s42761-021-00086-2<\/a><\/p>\n<p>Prosetzky, I., Poustka, L., Dukes, D., &amp; Samson, A. C. (2021). Eine internationale Studie zu Auswirkungen der COVID-19-Pandemie auf Familien mit einem behinderten Kind: Wie ging es den Familien in Deutschland? Ein Bericht [An international study on the impact of the COVID-19 pandemic on families with a child with special educational needs: How did German families fare? A report]. <em>Teilhabe<\/em>, 60, 2, 88\u201389.<\/p>\n<p>Samson, A. C., Di Poi, G., Tran, M., &amp; Dukes, D. (2021). Die Auswirkungen der COVID-19 Pandemie in der Schweiz: Erste Beobachtungen bei Familien mit Kindern sonderp\u00e4dagogischem F\u00f6rderbedarf [The effects of the COVID-19 pandemic in Switzerland: First observations in families with children with special educational needs]. <em>Schweizerische Zeitschrift f\u00fcr Heilp\u00e4dagogik, 27<\/em>(5-6), 18-25.<\/p>\n<p>Sideropoulos, V., Dukes, D., Hanley, M., Palikara, O., Rhodes, S., Samson, A.C., &amp; Van Herwegen, J. (2021). The impact of COVID-19 on anxiety and worries for families of individuals with Special Education Needs and Disabilities in the UK. <em>Journal of Autism and Developmental Disorders, <\/em>52, 2656\u20132669. <a href=\"https:\/\/doi.org\/10.1007\/s10803-021-05168-5\">https:\/\/doi.org\/10.1007\/s10803-021-05168-5<\/a><\/p>\n<p>Su, X., Cai, R.Y., Uljarevi\u0107, M., Van Herwegen, J., Dukes, D., Yang Y., Peng X., &amp; Samson, A.C. (2021). Brief report: A cross-sectional study of anxiety levels and concerns of Chinese families of children with Special Educational Needs and Disabilities post-first-wave of COVID-19. <em>Frontiers in Psychology, 12, <\/em>1614. <a href=\"https:\/\/doi.org\/10.3389\/fpsyt.2021.708465\">https:\/\/doi.org\/10.3389\/fpsyt.2021.708465<\/a> \u00a0<\/p>\n<p>Wharton, T., Bonard, C., Dukes., D., Sander, D &amp; Oswald, S. (2021). Relevance and emotion. <em>Journal of Pragmatics, 181<\/em>, 259-269. <a href=\"https:\/\/doi.org\/10.1016\/j.pragma.2021.06.001\">https:\/\/doi.org\/10.1016\/j.pragma.2021.06.001<\/a><\/p>\n<p>Zaharia, A., Noir-Kahlo, K., Bressoud, N., Sander, D., Dukes, D. &amp; Samson, A. (2021). Proof of Concept: A brief psycho-educational training program to increase the use of positive emotion regulation strategies in individuals with autism spectrum disorder. <em>Frontiers in Psychology. <\/em>12, <a href=\"https:\/\/doi.org\/10.3389\/fpsyg.2021.705937\">https:\/\/doi.org\/10.3389\/fpsyg.2021.705937<\/a><\/p>\n<p><strong><span style=\"font-family: times new roman, times, serif;\">2020<\/span><\/strong><br \/>Cl\u00e9ment, F., &amp; Dukes, D. (2020). Affective Social Learning serves as a quick and flexible complement to TTOM. <em>Behavioral and Brain Sciences<\/em>, 43. <a href=\"https:\/\/doi.org\/10.1017\/S0140525X19002784\">https:\/\/doi.org\/10.1017\/S0140525X19002784<\/a><\/p>\n<p>Reschke, P. Walle, E., &amp; Dukes, D. (2020). Did you mean to do that? Infants use emotional communication to infer and re-enact others\u2019 intended actions. <em>Cognition &amp; Emotion. <\/em><a href=\"https:\/\/doi.org\/10.1080\/02699931.2020.1745760\">https:\/\/doi.org\/10.1080\/02699931.2020.1745760<\/a><\/p>\n<p>Samson, A., Van den Bedem, N.P., Dukes, D., &amp; Rieffe, C. (2020). Positive Aspects of Emotional Competences in Preventing Internalizing Symptoms in Children with and without Developmental Language Disorder: A Longitudinal Approach. <em>Journal of Autism and Developmental Disorders<\/em>, <em>50<\/em>(4), 1159-1171.<br \/><a href=\"https:\/\/doi.org\/10.1007\/s10803-019-04336-y\">https:\/\/doi.org\/10.1007\/s10803-019-04336-y<\/a><\/p>\n<p><strong>2018<\/strong><br \/>Dukes, D. (2018). Apprentissage social affectif et appr\u00e9ciation de l\u2019\u00e9motion : structuration des interactions socio-\u00e9motionnelles [Affective social learning and emotional appreciation: Structuring socio-emotional interactions]. <em>Travaux Neuch\u00e2telois de Linguistique (TRaNeL),<\/em> 68, 79-86. <a href=\"https:\/\/doc.rero.ch\/record\/322617\">https:\/\/doc.rero.ch\/record\/322617<\/a>\u00a0\u00a0\u00a0\u00a0\u00a0\u00a0\u00a0\u00a0<\/p>\n<p>Mortillaro, M., &amp; Dukes, D. (2018). Jumping for joy: The importance of the body and of dynamics in the expression and recognition of positive emotions. <em>Frontiers in Psychology<\/em>, <em>9<\/em>. <a href=\"https:\/\/doi.org\/10.3389\/fpsyg.2018.00763\">https:\/\/doi.org\/10.3389\/fpsyg.2018.00763<\/a><\/p>\n<p><strong>2017<\/strong><br \/>Cl\u00e9ment, F., &amp; Dukes, D. (2017). Social appraisal and social referencing: Two components of affective social learning. <em>Emotion Review<\/em>, <em>9<\/em>(3), 253-261. <a href=\"https:\/\/doi.org\/10.1177\/1754073916661634\">https:\/\/doi.org\/10.1177\/1754073916661634<\/a><\/p>\n<p>Dukes, D., &amp; Cl\u00e9ment, F. (2017). Author reply: Clarifying the importance of ostensive communication in life-long, affective social learning. <em>Emotion Review<\/em>, <em>9<\/em>(3), 267-269. <a href=\"https:\/\/doi.org\/10.1177\/1754073916679006\">https:\/\/doi.org\/10.1177\/1754073916679006<\/a><\/p>\n<p>Dukes, D., Cl\u00e9ment, F., Audrin, C., &amp; Mortillaro, M. (2017). Looking beyond the static face in emotion recognition: the informative case of interest. <em>Visual Cognition<\/em>, <em>25<\/em>(4-6), 575-588. <a href=\"https:\/\/doi.org\/10.1080\/13506285.2017.1341441\">https:\/\/doi.org\/10.1080\/13506285.2017.1341441<\/a><\/p>\n<p>Reschke, P. J., Walle, E. A., &amp; Dukes, D. (2017). Interpersonal development in infancy: The interconnectedness of emotion understanding and social cognition. <em>Child Development Perspectives<\/em>, <em>11<\/em>(3), 178-183. <a href=\"https:\/\/doi.org\/10.1111\/cdep.12230\">https:\/\/doi.org\/10.1111\/cdep.12230<\/a><\/p>\n<p><strong><span style=\"font-family: times new roman, times, serif;\">2013<\/span><\/strong><br \/>Cl\u00e9ment, F.,* &amp; Dukes, D.* (2013). The role of interest in the transmission of social values. <em>Frontiers in Psychology<\/em>, 4. <a href=\"https:\/\/doi.org\/10.3389\/fpsyg.2013.00349\">https:\/\/doi.org\/10.3389\/fpsyg.2013.00349<\/a><\/p>\n<p>Schaer, M., Ottet, M. C., Scariati, E., Dukes, D., Franchini, M., Eliez, S., &amp; Glaser, B. (2013). Decreased frontal gyrification correlates with altered connectivity in children with autism. <em>Frontiers in Human Neuroscience<\/em>, 7. <a href=\"https:\/\/doi.org\/10.3389\/fnhum.2013.00750\">https:\/\/doi.org\/10.3389\/fnhum.2013.00750<\/a><\/p>\n<p><strong><span style=\"font-family: times new roman, times, serif;\">2012<br \/><\/span><\/strong>Glaser, B., Lothe, A., Chabloz, M., Dukes, D., Pasca, C., Redoute, J., &amp; Eliez, S. (2012). Candidate socioemotional remediation program for individuals with intellectual disability. <em>American Journal on Intellectual and Developmental Disabilities<\/em>, <em>117<\/em>(5), 368-383. <a href=\"https:\/\/doi.org\/10.1352\/1944-7558-117.5.368\">https:\/\/doi.org\/10.1352\/1944-7558-117.5.368<\/a><\/p>\n","protected":false},"excerpt":{"rendered":"<p>Walle &amp; Dukes (2023) in Affective Science challenge researchers to think again about valence. Dukes, Abrams et al (2021) in Nature Human Behaviour highlight affectivism as a new approach and, perhaps, a new scientific era. Gruber et al. (2021) in&nbsp;Psychological&#8230; <a class=\"more-link\" href=\"http:\/\/dukes.space\/fr\/peer-reviewed-articles\/\">Continue Reading &rarr;<\/a><\/p>","protected":false},"author":1,"featured_media":0,"parent":0,"menu_order":0,"comment_status":"closed","ping_status":"closed","template":"","meta":{"_mi_skip_tracking":false,"_exactmetrics_sitenote_active":false,"_exactmetrics_sitenote_note":"","_exactmetrics_sitenote_category":0,"_monsterinsights_sitenote_active":false,"_monsterinsights_sitenote_note":"","_monsterinsights_sitenote_category":0,"footnotes":""},"class_list":["post-1220","page","type-page","status-publish","hentry"],"_links":{"self":[{"href":"http:\/\/dukes.space\/fr\/wp-json\/wp\/v2\/pages\/1220","targetHints":{"allow":["GET"]}}],"collection":[{"href":"http:\/\/dukes.space\/fr\/wp-json\/wp\/v2\/pages"}],"about":[{"href":"http:\/\/dukes.space\/fr\/wp-json\/wp\/v2\/types\/page"}],"author":[{"embeddable":true,"href":"http:\/\/dukes.space\/fr\/wp-json\/wp\/v2\/users\/1"}],"replies":[{"embeddable":true,"href":"http:\/\/dukes.space\/fr\/wp-json\/wp\/v2\/comments?post=1220"}],"version-history":[{"count":79,"href":"http:\/\/dukes.space\/fr\/wp-json\/wp\/v2\/pages\/1220\/revisions"}],"predecessor-version":[{"id":1859,"href":"http:\/\/dukes.space\/fr\/wp-json\/wp\/v2\/pages\/1220\/revisions\/1859"}],"wp:attachment":[{"href":"http:\/\/dukes.space\/fr\/wp-json\/wp\/v2\/media?parent=1220"}],"curies":[{"name":"wp","href":"https:\/\/api.w.org\/{rel}","templated":true}]}}