{"id":1243,"date":"2020-04-13T12:41:01","date_gmt":"2020-04-13T12:41:01","guid":{"rendered":"http:\/\/dukes.space\/?page_id=1243"},"modified":"2022-06-16T14:25:22","modified_gmt":"2022-06-16T14:25:22","slug":"covid-19-crisis-survey","status":"publish","type":"page","link":"http:\/\/dukes.space\/fr\/covid-19-crisis-survey\/","title":{"rendered":"COVID-19 Crisis"},"content":{"rendered":"\n<p style=\"text-align: justify;\"><span style=\"font-family: book antiqua, palatino, serif; font-size: 12pt;\"><br><\/span><\/p>\n\n\n\n<p>How are people with special needs coping with the administrative, financial and social changes incurred due to the current coronavirus pandemic? This is the subject of a project undertaken in 2020 as Co-PI with Professor Andrea Samson (Fribourg and Unidistance, both Switzerland) and Jo Van Herwegen (UCL, UK). This survey study took place in collaboration with researchers in over 30 countries and in 12 different languages. In particular, we were interested in the stresses they have faced and the coping and emotion regulation strategies they employed. I unfortunately had to relinquish the PI position in 2022 when I began new jobs with new responsibilities.<\/p>\n<p>For more information about the project, <a href=\"http:\/\/specialneedscovid.org\/\">please visit the project\u2019s website<\/a>.<\/p>\n<p>In terms of outputs, there have been scientific papers, a submission to the UK government, conference presentations, scientific and general public posters. A selection of the papers I co-authored can be seen below.<\/p>\n<p><strong>Government submissions<\/strong><\/p>\n<p>Van Herwegen, J., \u2026 Samson, A.C., &amp; <strong>Dukes, D<\/strong>. (2020). Written evidence submitted to the UK government on the impact of COVID-19 on education and children\u2019s services: <em>The impact on families of children with Special Educational Needs and Disabilities in the UK<\/em>. Retrieved July 23, 2020. <a href=\"https:\/\/committees.parliament.uk\/writtenevidence\/8883\/pdf\/\">https:\/\/committees.parliament.uk\/writtenevidence\/8883\/pdf\/<\/a><\/p>\n<p><strong>Pre-prints<\/strong><\/p>\n<p><strong>Dukes, D.,<\/strong> Van Herwegen, J., Alessandi, M., Alnemary, F., Amani Rad, J., Banta Lavenex, P., Bolshakov, N., B\u00f6lte, S., Ying Cai, R., Campos, R., Chirita-Emandi, A., P. Costa, A., Costanzo, F., di Poi, G., Des Portes, V., Faivre, L., Famelart, N., Fisher, M., Gamaiunova, L., \u2026 Samson, A. C. (2021, February 15). Introducing the COVID-19 crisis special education needs coping survey. <em>PsyArXiv<\/em>. <a href=\"https:\/\/doi.org\/10.31234\/osf.io\/rtswa\">https:\/\/doi.org\/10.31234\/osf.io\/rtswa<\/a><\/p>\n<p>Van Herwegen, J., <strong>Dukes, D.,<\/strong> &amp; Samson, A.C. (2020). <em>COVID19 Crisis Response Survey for families of Individuals with Special Needs<\/em> [Data set]. OSFHOME. Retrieved May 27, 2020, from <a href=\"https:\/\/doi.org\/10.17605\/OSF.IO\/5NKQ9\">osf.io\/5nkq9<\/a><\/p>\n<p><strong>Articles<\/strong><\/p>\n<p>Di Poi, G., <strong>Dukes,<\/strong> D., Tran, M., &amp; Samson, A. C. (2021). Comment les familles d\u2019enfants avec besoins \u00e9ducatifs particuliers ont v\u00e9cu la crise de la COVID-19 : Observations pr\u00e9liminaires pour la Suisse. [How families with children with special educational needs experienced the Covid-19 crisis: preliminary observations for Switzerland]. <em>Revue suisse de p\u00e9dagogie sp\u00e9cialis\u00e9e.<\/em> 1, 9-18. <a href=\"https:\/\/www.szh-csps.ch\/r2021-03-01\/\">Read here (French)<\/a> <\/p>\n<p><strong>Dukes, D.,<\/strong> &amp; Samson, A. C. (2021). COVID-19 : Donnons la parole aux parents d\u2019enfants avec des besoins \u00e9ducatifs particuliers [COVID-19: giving voice to the parents of children with special educational needs]. <em>Pages romandes<\/em> :<a href=\"https:\/\/www.specialneedscovid.org\/assets\/others\/Dukes&amp;Samson2021_Pages_Romandes.pdf\"> Revue sur la p\u00e9dagogie sp\u00e9cialis\u00e9e les d\u00e9ficiences intellectuelles et d\u00e9veloppementales, 3, 28-31.<\/a><\/p>\n<p>Prosetzky, I., Poustka, L., <strong>Dukes, D.,<\/strong> &amp; Samson, A. C. (2021). Eine internationale Studie zu Auswirkungen der COVID-19-Pandemie auf Familien mit einem behinderten Kind: Wie ging es den Familien in Deutschland? Ein Bericht. [An international study on the impact of the COVID-19 pandemic on families with a child with special educational needs: How did German families fare? A report]. <em>Teilhabe<\/em>, 60, 2. <a href=\"https:\/\/www.specialneedscovid.org\/assets\/others\/Prosetzsky%20et%20al.%20Teilhabe%202021.pdf\">Read here (German)<\/a><\/p>\n<p>Samson, A. C., Di Poi, G., Tran, M., &amp; <strong>Dukes, D.<\/strong> (2021). Die Auswirkungen der COVID-19 Pandemie in der Schweiz: Erste Beobachtungen bei Familien mit Kindern sonderp\u00e4dagogischem F\u00f6rderbedarf [The effects of the COVID-19 pandemic in Switzerland: First observations in families with children with special educational needs]. <em>Schweizerische Zeitschrift f\u00fcr Heilp\u00e4dagogik<\/em>, 27(5-6), 18-25.<\/p>\n<p>Sideropoulos, V., <strong>Dukes, D.,<\/strong> Hanley, M. <em>et al.<\/em> The Impact of COVID-19 on Anxiety and Worries for Families of Individuals with Special Education Needs and Disabilities in the UK. <em>J<\/em><em>ournal of<\/em><em> Autism <\/em><em>and <\/em><em>Dev<\/em><em>elopmental<\/em><em> Disord<\/em><em>ers,<\/em> 52, 2656\u20132669 (2022). <a href=\"https:\/\/doi.org\/10.1007\/s10803-021-05168-5\">https:\/\/doi.org\/10.1007\/s10803-021-05168-5<\/a><\/p>\n<p>Sideropoulos, V., Kye, H., <strong>Dukes, D.,<\/strong> Samson, A. C., Palikara, O., &amp; Van Herwegen, J. (2022). Anxiety and Worries of Individuals with Down Syndrome During the COVID-19 Pandemic: A Comparative Study in the UK. <em>Journal of Autism and Developmental Disorders<\/em>. <a href=\"https:\/\/doi.org\/10.1007\/s10803-022-05450-0\">https:\/\/doi.org\/10.1007\/s10803-022-05450-0<\/a><\/p>\n<p>Su, X., Cai, R. Y., Uljarevi\u0107, M., Van Herwegen, J., <strong>Dukes, D.,<\/strong> Yang, Y., Peng, X., &amp; Samson, A. C. (2021). Brief Report: A cross-sectional study of anxiety levels and concerns of Chinese families of children with special educational needs and disabilities post-first-wave of COVID-19. <em>Frontiers in Psychiatry<\/em>, 12, 708465. <a href=\"https:\/\/www.frontiersin.org\/articles\/10.3389\/fpsyt.2021.708465\/full\">doi: 10.3389\/fpsyt.2021.708465<\/a><\/p>\n","protected":false},"excerpt":{"rendered":"<p>How are people with special needs coping with the administrative, financial and social changes incurred due to the current coronavirus pandemic? This is the subject of a project undertaken in 2020 as Co-PI with Professor Andrea Samson (Fribourg and Unidistance,&#8230; <a class=\"more-link\" href=\"http:\/\/dukes.space\/fr\/covid-19-crisis-survey\/\">Continue Reading &rarr;<\/a><\/p>","protected":false},"author":1,"featured_media":0,"parent":0,"menu_order":0,"comment_status":"closed","ping_status":"closed","template":"","meta":{"_mi_skip_tracking":false,"_exactmetrics_sitenote_active":false,"_exactmetrics_sitenote_note":"","_exactmetrics_sitenote_category":0,"_monsterinsights_sitenote_active":false,"_monsterinsights_sitenote_note":"","_monsterinsights_sitenote_category":0,"footnotes":""},"class_list":["post-1243","page","type-page","status-publish","hentry"],"_links":{"self":[{"href":"http:\/\/dukes.space\/fr\/wp-json\/wp\/v2\/pages\/1243","targetHints":{"allow":["GET"]}}],"collection":[{"href":"http:\/\/dukes.space\/fr\/wp-json\/wp\/v2\/pages"}],"about":[{"href":"http:\/\/dukes.space\/fr\/wp-json\/wp\/v2\/types\/page"}],"author":[{"embeddable":true,"href":"http:\/\/dukes.space\/fr\/wp-json\/wp\/v2\/users\/1"}],"replies":[{"embeddable":true,"href":"http:\/\/dukes.space\/fr\/wp-json\/wp\/v2\/comments?post=1243"}],"version-history":[{"count":7,"href":"http:\/\/dukes.space\/fr\/wp-json\/wp\/v2\/pages\/1243\/revisions"}],"predecessor-version":[{"id":1685,"href":"http:\/\/dukes.space\/fr\/wp-json\/wp\/v2\/pages\/1243\/revisions\/1685"}],"wp:attachment":[{"href":"http:\/\/dukes.space\/fr\/wp-json\/wp\/v2\/media?parent=1243"}],"curies":[{"name":"wp","href":"https:\/\/api.w.org\/{rel}","templated":true}]}}