{"id":1675,"date":"2022-06-16T09:01:19","date_gmt":"2022-06-16T09:01:19","guid":{"rendered":"https:\/\/dukes.space\/?page_id=1675"},"modified":"2022-06-16T09:01:20","modified_gmt":"2022-06-16T09:01:20","slug":"interest","status":"publish","type":"page","link":"http:\/\/dukes.space\/fr\/interest\/","title":{"rendered":"Interest"},"content":{"rendered":"\n<p>Interest was one of the main topics of my doctoral studies and is still something that I work on when I get the opportunity, particularly with my PhD supervisor, Fabrice Cl\u00e9ment (Neuch\u00e2tel) and my colleagues Marcello Mortillaro (Geneva) and Catherine Audrin (HEP Lausanne). We have always considered interest as an emotion and have highlighted its role in motivating us when we someone else express it. This is particularly the case if that someone is a member of our ingroup, if it is someone we can trust. We have also shown that it can more easily be recognized in bodily expressions of interest, as seems to be more or less systematically the case for positive emotions \u2013 an argument we made in another paper. The most recent paper concerned interest\u2019s role in the classroom.<\/p>\n\n\n\n<p><strong>Further reading:<\/strong><\/p>\n\n\n\n<p><strong>Dukes, D.<\/strong> et Audrin, C. (2021). \u00c9motions positives \u00e0 l\u2019\u00e9cole&nbsp;: quel int\u00e9r\u00eat&nbsp;? [Positive emotions at school: where is the interest?]. <em>Educateur (L)\u2019, 4, <\/em>4-5.<\/p>\n\n\n\n<p>Mortillaro, M., &amp; <strong>Dukes, D.<\/strong> (2018). Jumping for joy: The importance of the body and of dynamics in the expression and recognition of positive emotions. <em>Frontiers in Psychology<\/em>, <em>9<\/em>. <a href=\"https:\/\/doi.org\/10.3389\/fpsyg.2018.00763\">https:\/\/doi.org\/10.3389\/fpsyg.2018.00763<\/a><\/p>\n\n\n\n<p><strong>Dukes, D.,<\/strong> Cl\u00e9ment, F., Audrin, C., &amp; Mortillaro, M. (2017). Looking beyond the static face in emotion recognition: the informative case of interest. <em>Visual Cognition<\/em>, <em>25<\/em>(4-6), 575-588. <a href=\"https:\/\/doi.org\/10.1080\/13506285.2017.1341441\">https:\/\/doi.org\/10.1080\/13506285.2017.1341441<\/a><\/p>\n\n\n\n<p>Cl\u00e9ment, F., &amp; <strong>Dukes, D.<\/strong> (2013). The role of interest in the transmission of social values. <em>Frontiers in Psychology<\/em>, 4. <a href=\"https:\/\/doi.org\/10.3389\/fpsyg.2013.00349\">https:\/\/doi.org\/10.3389\/fpsyg.2013.00349<\/a><\/p>\n","protected":false},"excerpt":{"rendered":"<p>Interest was one of the main topics of my doctoral studies and is still something that I work on when I get the opportunity, particularly with my PhD supervisor, Fabrice Cl\u00e9ment (Neuch\u00e2tel) and my colleagues Marcello Mortillaro (Geneva) and Catherine&#8230; <a class=\"more-link\" href=\"http:\/\/dukes.space\/fr\/interest\/\">Continue Reading &rarr;<\/a><\/p>","protected":false},"author":1,"featured_media":0,"parent":0,"menu_order":0,"comment_status":"closed","ping_status":"closed","template":"","meta":{"_mi_skip_tracking":false,"_exactmetrics_sitenote_active":false,"_exactmetrics_sitenote_note":"","_exactmetrics_sitenote_category":0,"_monsterinsights_sitenote_active":false,"_monsterinsights_sitenote_note":"","_monsterinsights_sitenote_category":0,"footnotes":""},"class_list":["post-1675","page","type-page","status-publish","hentry"],"_links":{"self":[{"href":"http:\/\/dukes.space\/fr\/wp-json\/wp\/v2\/pages\/1675","targetHints":{"allow":["GET"]}}],"collection":[{"href":"http:\/\/dukes.space\/fr\/wp-json\/wp\/v2\/pages"}],"about":[{"href":"http:\/\/dukes.space\/fr\/wp-json\/wp\/v2\/types\/page"}],"author":[{"embeddable":true,"href":"http:\/\/dukes.space\/fr\/wp-json\/wp\/v2\/users\/1"}],"replies":[{"embeddable":true,"href":"http:\/\/dukes.space\/fr\/wp-json\/wp\/v2\/comments?post=1675"}],"version-history":[{"count":1,"href":"http:\/\/dukes.space\/fr\/wp-json\/wp\/v2\/pages\/1675\/revisions"}],"predecessor-version":[{"id":1677,"href":"http:\/\/dukes.space\/fr\/wp-json\/wp\/v2\/pages\/1675\/revisions\/1677"}],"wp:attachment":[{"href":"http:\/\/dukes.space\/fr\/wp-json\/wp\/v2\/media?parent=1675"}],"curies":[{"name":"wp","href":"https:\/\/api.w.org\/{rel}","templated":true}]}}