{"id":17,"date":"2015-06-25T08:40:12","date_gmt":"2015-06-25T08:40:12","guid":{"rendered":"http:\/\/dukes.space\/?page_id=17"},"modified":"2024-08-26T07:39:54","modified_gmt":"2024-08-26T07:39:54","slug":"welcome","status":"publish","type":"page","link":"http:\/\/dukes.space\/fr\/","title":{"rendered":"Accueil"},"content":{"rendered":"<p style=\"text-align: justify;\">My primary research interest is in how and what we can learn from affective relationships &#8211; from our relationships with other people and to the objects around us (e.g. concrete objects, ideas, institutions), and from the relationships that other people have to each other and to the objects around them. A great deal of my research is driven by questions that came to me when I worked as an educator in special education. <\/p>\n<p style=\"text-align: justify;\">Vous trouverez sur ce site des informations sur mes projets de recherche en cours, mes derni\u00e8res nouvelles et mes publications les plus r\u00e9centes. Si vous avez des questions ou si vous souhaitez en savoir plus sur ce site, n'h\u00e9sitez pas \u00e0 me contacter.<\/p>\n<p><span style=\"font-family: book antiqua, palatino, serif; font-size: 14pt;\">\u00a0<\/span><\/p>\n<p><span style=\"font-family: book antiqua, palatino, serif; font-size: 14pt;\">\u00a0<\/span><\/p>","protected":false},"excerpt":{"rendered":"<p>My primary research interest is in how and what we can learn from affective relationships &#8211; from our relationships with other people and to the objects around us (e.g. concrete objects, ideas, institutions), and from the relationships that other people&#8230; <a class=\"more-link\" href=\"http:\/\/dukes.space\/fr\/\">Continue Reading &rarr;<\/a><\/p>","protected":false},"author":1,"featured_media":0,"parent":0,"menu_order":1,"comment_status":"closed","ping_status":"closed","template":"","meta":{"_mi_skip_tracking":false,"_exactmetrics_sitenote_active":false,"_exactmetrics_sitenote_note":"","_exactmetrics_sitenote_category":0,"_monsterinsights_sitenote_active":false,"_monsterinsights_sitenote_note":"","_monsterinsights_sitenote_category":0,"footnotes":""},"class_list":["post-17","page","type-page","status-publish","hentry"],"_links":{"self":[{"href":"http:\/\/dukes.space\/fr\/wp-json\/wp\/v2\/pages\/17","targetHints":{"allow":["GET"]}}],"collection":[{"href":"http:\/\/dukes.space\/fr\/wp-json\/wp\/v2\/pages"}],"about":[{"href":"http:\/\/dukes.space\/fr\/wp-json\/wp\/v2\/types\/page"}],"author":[{"embeddable":true,"href":"http:\/\/dukes.space\/fr\/wp-json\/wp\/v2\/users\/1"}],"replies":[{"embeddable":true,"href":"http:\/\/dukes.space\/fr\/wp-json\/wp\/v2\/comments?post=17"}],"version-history":[{"count":52,"href":"http:\/\/dukes.space\/fr\/wp-json\/wp\/v2\/pages\/17\/revisions"}],"predecessor-version":[{"id":1838,"href":"http:\/\/dukes.space\/fr\/wp-json\/wp\/v2\/pages\/17\/revisions\/1838"}],"wp:attachment":[{"href":"http:\/\/dukes.space\/fr\/wp-json\/wp\/v2\/media?parent=17"}],"curies":[{"name":"wp","href":"https:\/\/api.w.org\/{rel}","templated":true}]}}