{"id":12,"date":"2015-06-25T08:18:30","date_gmt":"2015-06-25T08:18:30","guid":{"rendered":"http:\/\/dukes.space\/?page_id=12"},"modified":"2024-08-26T08:29:32","modified_gmt":"2024-08-26T08:29:32","slug":"biography","status":"publish","type":"page","link":"https:\/\/dukes.space\/fr\/biography\/","title":{"rendered":"Biographie"},"content":{"rendered":"<p style=\"text-align: justify;\"><span style=\"font-family: book antiqua, palatino, serif; font-size: 12pt;\"><a href=\"http:\/\/dukes.space\/wp-content\/uploads\/2015\/06\/Dukes_Daniel_teaser-1.jpg\"><img loading=\"lazy\" decoding=\"async\" class=\"alignleft  wp-image-992\" src=\"http:\/\/dukes.space\/wp-content\/uploads\/2015\/06\/Dukes_Daniel_teaser-1.jpg\" alt=\"\" width=\"226\" height=\"226\" srcset=\"https:\/\/dukes.space\/wp-content\/uploads\/2015\/06\/Dukes_Daniel_teaser-1.jpg 185w, https:\/\/dukes.space\/wp-content\/uploads\/2015\/06\/Dukes_Daniel_teaser-1-150x150.jpg 150w\" sizes=\"auto, (max-width: 226px) 100vw, 226px\" \/><\/a><\/span>Titulaire d'une ma\u00eetrise en histoire \u00e9conomique et sociale de l'universit\u00e9 d'\u00c9dimbourg, en \u00c9cosse, Danny a travaill\u00e9 pendant dix ans dans le domaine de l'\u00e9ducation sp\u00e9cialis\u00e9e dans diff\u00e9rents pays, dans divers contextes et avec des personnes pr\u00e9sentant divers besoins et handicaps psychiatriques et\/ou \u00e9ducatifs sp\u00e9ciaux, avant de retourner dans le monde universitaire. Il a obtenu une ma\u00eetrise (Open University, Royaume-Uni) en psychologie tout en travaillant comme coordinateur d'un projet de validation d'un programme de rem\u00e9diation des \u00e9motions pour les personnes atteintes d'autisme et\/ou de d\u00e9ficience intellectuelle.<\/p>\n<p style=\"text-align: justify;\">He obtained his doctorate (summa cum laude) from the University of Neuch\u00e2tel, Switzerland in June, 2017, under the supervision of Professor Fabrice Cl\u00e9ment. During that time and since, he completed SNSF fellowships at UC Berkeley, USA with Professor Joseph J. Campos, at the University of Amsterdam, Netherlands with Professor Agneta Fischer and the University of Oxford, UK with Professor Brian Parkinson. Having spent four years in the special education department at the University of Fribourg under Professors Andrea Samson, Myriam Squillaci, and Genevi\u00e8ve Petitpierre, Danny then spent a year as senior researcher and lecturer at the Institute of Family Reseach and Counseling under Professor Dominik Schoebi.<\/p>\n<p>Danny is currently employed part-time as senior researcher in Professor David Sander&#8217;s lab at the Swiss Center for Affective Sciences and the Faculty of Psychology at the University of Geneva. Since 2020, he has also been Series Co-editor of the Studies in Emotion and Social Interaction book series at Cambridge University Press.<\/p>\n<p>\u00a0<\/p>\n\n\n\n<p><span style=\"font-family: book antiqua, palatino, serif; font-size: 12pt;\">\u00a0<\/span><\/p>","protected":false},"excerpt":{"rendered":"<p>Armed with an MSc in Economic and Social History from the University of Edinburgh, Scotland, Danny worked for ten years in special education in different countries, in various settings and with individuals with diverse psychiatric and\/or special educational needs and&#8230; <a class=\"more-link\" href=\"https:\/\/dukes.space\/fr\/biography\/\">Continue Reading &rarr;<\/a><\/p>","protected":false},"author":1,"featured_media":0,"parent":0,"menu_order":2,"comment_status":"closed","ping_status":"closed","template":"","meta":{"_mi_skip_tracking":false,"_exactmetrics_sitenote_active":false,"_exactmetrics_sitenote_note":"","_exactmetrics_sitenote_category":0,"_monsterinsights_sitenote_active":false,"_monsterinsights_sitenote_note":"","_monsterinsights_sitenote_category":0,"footnotes":""},"class_list":["post-12","page","type-page","status-publish","hentry"],"_links":{"self":[{"href":"https:\/\/dukes.space\/fr\/wp-json\/wp\/v2\/pages\/12","targetHints":{"allow":["GET"]}}],"collection":[{"href":"https:\/\/dukes.space\/fr\/wp-json\/wp\/v2\/pages"}],"about":[{"href":"https:\/\/dukes.space\/fr\/wp-json\/wp\/v2\/types\/page"}],"author":[{"embeddable":true,"href":"https:\/\/dukes.space\/fr\/wp-json\/wp\/v2\/users\/1"}],"replies":[{"embeddable":true,"href":"https:\/\/dukes.space\/fr\/wp-json\/wp\/v2\/comments?post=12"}],"version-history":[{"count":81,"href":"https:\/\/dukes.space\/fr\/wp-json\/wp\/v2\/pages\/12\/revisions"}],"predecessor-version":[{"id":1840,"href":"https:\/\/dukes.space\/fr\/wp-json\/wp\/v2\/pages\/12\/revisions\/1840"}],"wp:attachment":[{"href":"https:\/\/dukes.space\/fr\/wp-json\/wp\/v2\/media?parent=12"}],"curies":[{"name":"wp","href":"https:\/\/api.w.org\/{rel}","templated":true}]}}