{"id":338,"date":"2017-02-18T19:50:05","date_gmt":"2017-02-18T19:50:05","guid":{"rendered":"http:\/\/dukes.space\/?page_id=338"},"modified":"2022-11-22T07:57:59","modified_gmt":"2022-11-22T07:57:59","slug":"oral-presentations","status":"publish","type":"page","link":"https:\/\/dukes.space\/fr\/oral-presentations\/","title":{"rendered":"Oral Presentations"},"content":{"rendered":"<p style=\"text-align: justify;\"><span style=\"font-family: times new roman, times, serif; font-size: 12pt;\"><strong>2022<br \/>\n<\/strong><\/span><span style=\"font-family: times new roman, times, serif; font-size: 12pt;\">Idil, M., Eshraghi, E.A., Alessandri, M., Dukes, D., Samson, A. C. &amp; Van Herwegen, J. (2022, March 24-26). [Oral presentation] <em>The impact of COVID-19 on individuals with ASD in the US: Parent perspectives on social and support concerns<\/em>. Inaugural Psychiatry Summit 2022 Live Virtual Event.<\/span><\/p>\n<p><span style=\"font-size: 12pt; font-family: times new roman, times, serif;\">Treichel, N., Dukes, D., Meuleman, B., Van Herwegen, J., &amp; Samson, A. C. (2022, June 29 &#8211; July 2). [Oral presentation] <em>Humor and laughter in individuals with autism spectrum disorder and Williams syndrome<\/em>. 32nd International Society of Humor Studies Conference (ISHS), Bertinoro, Italy.&nbsp;<\/span><\/p>\n<p style=\"text-align: justify;\"><span style=\"font-family: times new roman, times, serif; font-size: 12pt;\"><strong>2021<br \/>\n<\/strong><\/span><span style=\"font-family: times new roman, times, serif; font-size: 12pt;\">Dukes, D. (2021, December 10-11). <em>Two examples of the explanatory power of emotions.<\/em> [Invited Keynote.] Workshop on Situated Affectivity and Social Understanding organized by the Research Training Group &#8220;Situated Cognition&#8221; at Ruhr University Bochum, Germany. <a href=\"https:\/\/situated-cognition.com\/\">https:\/\/situated-cognition.com\/<\/a><br \/>\n<\/span><\/p>\n<p style=\"text-align: justify;\"><span style=\"font-family: times new roman, times, serif; font-size: 12pt;\">Dukes, D. (2021, July 26-29). <em>Affective social learning: finding a place for affect in social learning.<\/em> [Invited presentation at a pre-conference workshop organized by Wu, Y., Gweon, H. &amp; Ong, D.]&nbsp; Cogntive Science Society, Vienna, Austria. (online conference). <a href=\"https:\/\/affcog.github.io\/\">https:\/\/affcog.github.io\/<\/a><\/span><\/p>\n<p><span style=\"font-family: times new roman, times, serif; font-size: 12pt;\">Dukes, D., Van Herwegen, J., Meuleman, B., Tran., M., &amp; Samson, A. C., (2021, July 6-8). <em>Evaluating anxiety in the parents of individuals with Neurodevelopmental Disorders during the early months of COVID-19: An international study<\/em>. [Part of a symposium organised by D. Dukes, J. Van Herwegen, &amp; A. C. Samson.] International Association for the Scientific Study of Intellectual and Developmental Disabilities (IASSIDD), Amsterdam, Netherlands, (online conference).<\/span><\/p>\n<p><span style=\"font-family: times new roman, times, serif; font-size: 12pt;\">Samson, A. C., Van Herwegen, J., Tran, M., Papon, A., &amp; Dukes, D. (2021, July 6-8). <em>Emotion Regulation in the COVID-19 pandemic in individuals with Neurodevelopmental Disorders<\/em>. [Part of a symposium organised by D. Dukes, J. Van Herwegen, &amp; A. C. Samson.] International Association for the Scientific Study of Intellectual and Developmental Disabilities (IASSIDD), Amsterdam, Netherlands, (online conference).<\/span><\/p>\n<p><span style=\"font-family: times new roman, times, serif; font-size: 12pt;\">Treichel. N., Van Herwegen, J., Dukes, D., &amp; Samson, A. C. (2021, July 6-8). <em>The fear of being laughed at in neurodevelopmental disorders. <\/em>International Association for the Scientific Study of Intellectual and Developmental Disabilities (IASSIDD), Amsterdam, Netherlands, (online conference).<\/span><\/p>\n<p><span style=\"font-family: times new roman, times, serif; font-size: 12pt;\">Dukes, D. &amp; Samson, A. C., (2021, June 3). [Invited Keynote.] <\/span><em><span style=\"font-family: times new roman, times, serif; font-size: 12pt;\">Anxiety and emotion regulation in families with children with special education needs during the COVID-19 pandemic: an international study. <\/span><\/em><span style=\"font-family: times new roman, times, serif; font-size: 12pt;\">Konferenz der Lehrenden der Geistigbehindertenp\u00e4dagogike an Wissenschaflichen Hochschulen in Deutschprachigen L\u00e4ndern, Hannover, Germany (online conference).<\/span><\/p>\n<p><span style=\"font-family: times new roman, times, serif; font-size: 12pt;\">Stallmann, L., Tran, M., Dukes, D., Rudrauf, D., &amp; Samson, A. C. (2021, April 13-16). <em>Social emotion regulation in individuals on the autism spectrum: Assessing sensitivity to social support provided by a vurtual agent. <\/em>The Virtual Confernece of the Society for Affective Sciences (SAS) (online conference).<\/span><\/p>\n<p><span style=\"font-size: 12pt; font-family: times new roman, times, serif;\">Samson, A. C., Meuleman, B., Tran, M., Van Herwegen, J., &amp; Dukes, D. (2021, April 13-16). <em>Explaining the differences in COVID-19 anxiety levels of families with children with Special Education Needs. <\/em>THe Virtual Conference of the Society for Affective Sciences (SAS) (online conference).<\/span><\/p>\n<p style=\"text-align: justify;\"><span style=\"font-family: times new roman, times, serif; font-size: 12pt;\"><strong>2020<br \/>\n<\/strong>Dukes, D. (<em>TBA<\/em>). Invited talk at an interdisciplinary workshop on affective and moral development, University College Dublin, Eire, 24th April, 2020. <span style=\"color: #000000;\">CANCELLED DUE TO CORONAVIRUS PANDEMIC.<\/span><br \/>\n<\/span><\/p>\n<p style=\"text-align: justify;\"><span style=\"font-family: times new roman, times, serif; font-size: 12pt;\"><strong>2019<\/strong><br \/>\nDukes, D &amp; Wharton, T. <em>Affective Science, emotion and relevance.<\/em> Invited talk at an international workshop entitled, Relevance by the Sea, University of Brighton, UK., 6 November, 2019.<\/span><\/p>\n<p style=\"text-align: justify;\"><span style=\"font-family: times new roman, times, serif; font-size: 12pt;\">Dukes, D. <em>Appraising the affective turn: Three illustrations of affective creep in psychology. <\/em>Invited talk at the Social Brain and Behaviour Club, University of Oxford, 4 November, 2019.<\/span><\/p>\n<p style=\"text-align: justify;\"><span style=\"font-family: times new roman, times, serif; font-size: 12pt;\">Zaharia, A., Noir-Kahlo, K., Bressoud, N., Sander, D., Dukes, D., &amp; Samson, A. C. Positive <em>Emotion Regulation Program for Individuals with Autism Spectrum Disorder, <\/em>16<sup>th<\/sup> Swiss Psychological Society (SPS), Bern, 9-11 September 2019.<\/span><\/p>\n<p style=\"text-align: justify;\"><span style=\"font-family: times new roman, times, serif; font-size: 12pt;\">Treichel, N., Dukes, D., Samson, A. C., <em>The influence of cognitive, social and emotional phenotypes on the sense of humor: the case of Autism Spectrum Disorder and Williams syndrome<\/em>, 16<sup>th<\/sup> Swiss Psychological Society (SPS), Bern, 9-11 September 2019.<\/span><\/p>\n<p style=\"text-align: justify;\"><span style=\"font-family: times new roman, times, serif; font-size: 12pt;\">Samson, A. C., Zaharia, A., Dell\u2019Angela, L., Lobel, A., &amp; Sander, D. <em>The potential of board games to measure and train emotional competences in children,<\/em> 16<sup>th<\/sup> Swiss Psychological Society (SPS), Bern, 9-11 September 2019.<\/span><\/p>\n<p style=\"text-align: justify;\"><span style=\"font-family: times new roman, times, serif; font-size: 12pt;\">Dukes, D. &amp; Cl\u00e9ment, F. <em>Affective Social Learning: from individual appraisal to cultural value<\/em>. Symposium organized by D. Dukes and M. Bazhydai entitled, \u201cFrom behavioral to normative learning: children and great apes compared\u201d, European Conference on Developmental Psychology, Athens, Greece, 29 August \u2013 1 September, 2019.<\/span><\/p>\n<p style=\"text-align: justify;\"><span style=\"font-family: times new roman, times, serif; font-size: 12pt;\">Dukes, D. <em>Affective Social Learning and the social transmission of value<\/em>, Pre-conference on emotion development organized by Daniel Dukes, Andrea Samson, Carolien Rieffe and Eric Walle, International Society for Reseach in Emotion, Amsterdam, The Netherlands, 10-13 July 2019.<\/span><\/p>\n<p style=\"text-align: justify;\"><span style=\"font-family: times new roman, times, serif; font-size: 12pt;\">Treichel, N., Dukes, D., Samson, A. C., <em>&#8220;Get it?&#8221; How much is our sense of humor influenced by others during the course of our development?<\/em>&nbsp; Pre-conference on emotion development organized by Daniel Dukes, Andrea Samson, Carolien Rieffe and Eric Walle for the International Society for Reseach in Emotion, Amsterdam (NL), 10 July 2019.<\/span><\/p>\n<p style=\"text-align: justify;\"><span style=\"font-size: 12pt; font-family: times new roman, times, serif;\">Mortillaro, M. &amp; Dukes, D. <em>Perceiving emotions from different expressive modalities: Is there a body advantage for positive emotions.<\/em> Symposium organized by M. Mortillaro &amp; D. Dukes entitled, \u201cThe positive challenge: How studying expressions of positive affect can inform emotion theory\u201d, International Society for Research on Emotions (ISRE) conference, Amsterdam (NL), 10-13 July 2019.<\/span><\/p>\n<p style=\"text-align: justify;\"><span style=\"font-size: 12pt; font-family: times new roman, times, serif;\">Zaharia, A., Noir-Kahlo, K., Bressoud, N., Dukes, D., &amp; Samson, A. C. <em>Positive Emotion Regulation Toolbox: Training and games for school-aged children and adolescents with and without developmental disorders. <\/em>Workshop, The 2<sup>nd<\/sup> Positive Psychology Day, Swiss Positive Psychology Association (SWIPPA), Lausanne, Switzerland.<br \/>\n<\/span><\/p>\n<p style=\"text-align: justify;\"><span style=\"font-family: times new roman, times, serif; font-size: 12pt;\"><strong>2018<\/strong><br \/>\nDukes, D. <em>How many interests are there?<\/em>&nbsp; International Conference on &#8220;Exploring Curiosity&#8221;<em>,<\/em> Amsterdam, The Netherlands. November, 2018.<\/span><\/p>\n<p style=\"text-align: justify;\"><span style=\"font-size: 12pt; font-family: times new roman, times, serif;\">Dukes, D.&nbsp;<em>Affective social learning: The importance of group identification in the transmission of social value,<\/em> Invited talk<em>, <\/em>International conference on &#8220;Second Person Engagement and Group Identification&#8221;, Center for Subjectivity Research, University of Copenhagen, Denmark, November, 2018.<\/span><\/p>\n<p><span style=\"font-size: 12pt; font-family: times new roman, times, serif;\">Dukes, D. &amp; Walle, E.<em> No hard feelings: A naturalistic, functionalist, psychological and relational account of emotion, <\/em>International conference on &#8220;Emotion and Emotion Concepts&#8221; at the Institute of Philosophy, University of Bern, Switzerland, November, 2018.<\/span><\/p>\n<p style=\"text-align: justify;\"><span style=\"font-family: times new roman, times, serif; font-size: 12pt;\">Reschke, P. Walle, E &amp; Dukes, D. (TBA). Symposium organized by Peter Reschke and Eric Walle on &#8220;Bridging Research on Emotional Development and Social Cognition&#8221;<em>, 21st Biennial Conference of the International Congress of Infant Studies, Philadelphia, USA, July, 2018.<\/em><\/span><\/p>\n<p style=\"text-align: justify;\"><span style=\"font-family: times new roman, times, serif; font-size: 12pt;\"><span style=\"color: #000000;\">Dukes, D and Cl\u00e9ment, F.<\/span> <em>Why what matters to us, matters to us: Affective social learning as a key process for determining how we value objects and events,<\/em> 48th Annual Conference of the Jean Piaget Society, Amsterdam, Netherlands, May, 2018.<\/span><\/p>\n<p><span style=\"font-size: 12pt; font-family: times new roman, times, serif;\">Reschke, P. J., Walle., E. A., &amp; Dukes, D. (2018, April). Did you mean to do that? Infants use emotional communication to infer and re-enact others&#8217; intentions. Annual Conference of the Society for Affective Science, Los Angeles, California, April, 2018.<\/span><\/p>\n<p><span style=\"font-size: 12pt; font-family: times new roman, times, serif;\">Symposium on <em>Affective social learning: process, context and development, <\/em>hosted by Daniel Dukes (Swiss Center for Affective Science, University of Geneva and University of Amsterdam) and featuring contributions from Christian Mumenthaler (University of Geneva), Magdalena Rychlowska (Queens University, Belfast), Brian Parkinson (University of Oxford) and Agneta Fischer (University of Amsterdam). 7th Conference by Consortium of European Researchers on Emotion, Glasgow, Scotland, April, 2018.<\/span><\/p>\n<p style=\"text-align: justify;\"><span style=\"font-family: times new roman, times, serif; font-size: 12pt;\"><strong>2017<\/strong><br \/>\n<span style=\"color: #000000;\">Dukes, D and Cl\u00e9ment, F. <em>Affective social learning: A conduit for the transmission of socio-cultural value<\/em>. 18th <span style=\"color: #800000;\">European <\/span>Conference on Developmental Psychology, Utrecht, Netherlands, August, 2017.<\/span><\/span><\/p>\n<p><span style=\"font-size: 12pt; font-family: times new roman, times, serif;\"><span style=\"color: #000000;\">Reschke, P., Dukes, D. and Walle, E. (delivered by Dukes, D.<\/span>) <em>Was that intentional? Infants use others\u2019 emotional expressions to infer their goals. 18th <span style=\"color: #800000;\"><span style=\"color: #000000;\">European <\/span><\/span>Conference on Developmental Psychology, Utrecht, Netherlands, August, 2017.<br \/>\n<\/em><\/span><br \/>\n<span style=\"font-size: 12pt; font-family: times new roman, times, serif;\"> <span style=\"color: #000000;\">Dukes, D. and Cl\u00e9ment, F.<\/span> <em>Affective Social Learning and Emotion Appreciation<\/em>. <span style=\"color: #800000;\"><span style=\"color: #000000;\">International Symposium on the <em>Foundations of Affective Social Learning<\/em>, Montezillon, Switzerland<\/span><\/span>, June, 2017<\/span><\/p>\n<p><span style=\"font-size: 12pt; font-family: times new roman, times, serif;\"><span style=\"color: #000000;\">Dukes, D.<\/span> <em>A psychologists confession: We are not paid to think!<\/em> A reply to Tristram Oliver-Skuse, &#8220;Itchy Feet: The intentionality of boring boredom&#8221;. <span style=\"color: #800000;\"><span style=\"color: #000000;\">International Philosophy Symposium on <\/span><\/span><em><span style=\"color: #800000;\"><span style=\"color: #000000;\">Negative Emotion: The good, the bad and the ugly. <\/span><\/span><\/em>Swiss Center for Affective Sciences, Geneva, Switzerland, May, 2017.<\/span><\/p>\n<p><span style=\"font-size: 12pt; font-family: times new roman, times, serif;\"> <span style=\"color: #000000;\">Dukes, D<\/span>. <em>Affective social learning and emotion appreciation: Structuring socio-emotional interactions.<\/em> <span style=\"color: #800000;\"> <span style=\"color: #000000;\">Centre of Research on Social Interaction<\/span><span style=\"color: #000000;\">, Neuch\u00e2tel, Switzerland<\/span><\/span>, February, 2017.<span style=\"color: #000000;\"><br \/>\n<\/span><\/span><\/p>\n<p style=\"text-align: justify;\"><span style=\"font-size: 12pt; font-family: times new roman, times, serif;\"><strong>2016<\/strong><\/span><br \/>\n<span style=\"color: #000000; font-family: times new roman, times, serif; font-size: 12pt;\"> Lauria, F., Dukes, D. and Cl\u00e9ment, F. (delivered by Federico Lauria). <i>Interest and the Affective Springs of Inquiry \u2013 The Chiaroscuro Epistemic Emotion. <span style=\"color: #800000;\"> <span style=\"color: #000000;\">The 24<\/span><span style=\"color: #000000;\"><sup>th<\/sup><\/span><span style=\"color: #000000;\"> annual meeting of the European Society for Philosophy and Psychology, St. Andrews, Scotland<\/span><\/span>, August, 2016.<\/i><\/span><\/p>\n<p><span style=\"font-size: 12pt; font-family: times new roman, times, serif;\">Dukes, D. <i>Conflicts of Interest: Developing interest in the social world. Invited Speaker, Workshop on Epistemic Emotion, University of Berkeley, California, May, 2016.<\/i>\u2028<\/span><br \/>\n<span style=\"font-family: times new roman, times, serif; font-size: 12pt;\"><br \/>\nCampos, JJ and Dukes, D. (delivered by Dukes, D.). <em><span style=\"color: #222222;\">A prolegomenon for an understanding of<\/span> <span style=\"color: #222222;\">epistemic emotions<\/span>. <\/em>Invited Speaker, Workshop on Epistemic Emotion, University of Berkeley, California, May, 2016.<i><\/i><\/span><\/p>\n<p><span style=\"font-size: 12pt; font-family: times new roman, times, serif;\">Dukes, D. and Cl\u00e9ment, F. <i>Affective Social Learning and the Role of Interest<\/i>. Invited Speaker, Developmental Seminar Series, University of Berkeley, California, February, 2016.<\/span><\/p>\n<p><span style=\"font-size: 12pt; font-family: times new roman, times, serif;\">Dukes, D and Cl\u00e9ment, F. <em>Affective Social Learning: Relying on others to show how we should feel<\/em>. Delivered as part of the &#8220;Emotions and Appraisals in Social Decision-Making&#8221; symposium organised by Danielle Shore (Oxford) and including Erin Heerey (Bangor) and Jonathan Gratch (Southern California). The 17th annual convention of the Society for Personality and Social Psychology, San Diego, USA, January, 2016.<\/span><\/p>\n<p><span style=\"font-size: 12pt; font-family: times new roman, times, serif;\"><strong>2015<\/strong><\/span><br \/>\n<span style=\"font-size: 12pt; font-family: times new roman, times, serif;\"> Dukes, D. and Cl\u00e9ment, F. <i>Learning from others&#8217; emotional expressions: The role of interest in Affective Social Learning. <\/i>Invited Speaker, Developmental Seminar Series, University of Merced, California, December, 2015.<i><br \/>\n<\/i><\/span><\/p>\n<p style=\"text-align: justify;\"><span style=\"font-family: times new roman, times, serif; font-size: 12pt;\">Dukes, D., Mortillaro, M. and Cl\u00e9ment, F. <em>Expressions of Interest. The 15th European Conference on Facial Expression, Measure and Meaning, University of Geneva, Switzerland, July, 2015.<\/em><\/span><\/p>\n<p><span style=\"font-family: times new roman, times, serif; font-size: 12pt;\"> Dukes, D. <em>Studying Interest: Theoretical and Empirical Issues. The 1st Meeting of the Swiss Center for Affective Sciences Emotional Developmental Group, Geneva, Switzerland, March, 2015.<br \/>\n<\/em><\/span><\/p>\n<p style=\"text-align: justify;\"><span style=\"font-size: 12pt; font-family: times new roman, times, serif;\"><strong>2014<\/strong><\/span><br \/>\n<span style=\"font-family: times new roman, times, serif; font-size: 12pt;\"> Dukes, D and Cl\u00e9ment, F. <em>\u2028Interest: An affective gateway for the transmission of culture<\/em>\u2028, Aegina Summer School &#8220;Shared Experiences: the boundaries of the social brain&#8221; organized by the Lab of Action &amp; Body, Royal Holloway, University of London, June, 2014.<\/span><\/p>\n<p><span style=\"font-family: times new roman, times, serif; font-size: 12pt;\"> Dukes, D., Foudon, N and Cl\u00e9ment, F. <em>First steps towards a developmental theory of cognitive appraisal<\/em>. Swiss Center for Affective Sciences, Annual Review Forum CISA annual Review Forum, Geneva, Switzerland, February, 2014.<br \/>\n<\/span><\/p>\n<p style=\"text-align: justify;\"><span style=\"font-size: 12pt; font-family: times new roman, times, serif;\"><strong>2013<\/strong><\/span><br \/>\n<span style=\"font-family: times new roman, times, serif; font-size: 12pt;\"> \u2028Dukes, D and Cl\u00e9ment, F. <em>Curiosity killed the cat: Is interest really important for non-human animals?&nbsp;<\/em>NeuZ\u00fc &#8211; meeting of labs of Klaus Z\u00fcberbuhler (Neuch\u00e2tel) and Carel van Schaik (Z\u00fcrich), Neuch\u00e2tel, Switzerland<em>, November, 2013.<\/em> <\/span><\/p>\n<p style=\"text-align: justify;\"><span style=\"font-family: times new roman, times, serif; font-size: 12pt;\">Dukes, D. <em>The interesting possibility of consciousness without a cerebral cortex: an interpretation of Merker (2007).&nbsp;<\/em>Swiss Interdisciplinary Group &#8220;Self-Consciousness and Kinds of Self&#8221; Autumn-Workshop, Lausanne, Switzerland<em>, November, 2013.<\/em> <\/span><\/p>\n<p><span style=\"font-family: times new roman, times, serif; font-size: 12pt;\"> Dukes, D., Foudon, N and Cl\u00e9ment, F. \u2028<em>Making Sense via Others: The role of interest<\/em>. Swiss Psychological Society, Biannual Congress &#8211; Basel, Switzerland, September, 2013.<\/span><\/p>\n<p><span style=\"font-family: times new roman, times, serif; font-size: 12pt;\"> Dukes, D. <em>Interest, Consciousness and the Developing (Social) Self<\/em>. Swiss Interdisciplinary Group &#8220;Self-Consciousness and Kinds of Self&#8221; Spring-Workshop, Ovronnaz, Switzerland, March, 2013.<\/span><\/p>\n<p><span style=\"font-family: times new roman, times, serif; font-size: 12pt;\"> Dukes, D., Foudon, N and Cl\u00e9ment, F. <em>What makes interest interesting for appraisal theory? <\/em>Swiss Center for Affective Sciences, Annual Review Forum CISA annual Review Forum, Geneva, Switzerland, February, 2013.<em><br \/>\n<\/em><\/span><\/p>\n<p style=\"text-align: justify;\"><span style=\"font-size: 12pt; font-family: times new roman, times, serif;\"><strong>2012<\/strong><br \/>\nCl\u00e9ment, F and Dukes, D.. \u2028<em>L&#8217;ontogen\u00e8se de l&#8217;int\u00e9r\u00eat: un projet &#8216;en d\u00e9veloppement&#8217;. <\/em>Reunion des P\u00e9diatres du Neuch\u00e2tel &#8211; Neuch\u00e2tel, Switzerlan<em>d, May, 2012.<br \/>\n<\/em><\/span><\/p>\n","protected":false},"excerpt":{"rendered":"<p>2022 Idil, M., Eshraghi, E.A., Alessandri, M., Dukes, D., Samson, A. C. &amp; Van Herwegen, J. (2022, March 24-26). [Oral presentation] The impact of COVID-19 on individuals with ASD in the US: Parent perspectives on social and support concerns. Inaugural&#8230; <a class=\"more-link\" href=\"https:\/\/dukes.space\/fr\/oral-presentations\/\">Continue Reading &rarr;<\/a><\/p>\n","protected":false},"author":1,"featured_media":0,"parent":0,"menu_order":0,"comment_status":"closed","ping_status":"closed","template":"","meta":{"_mi_skip_tracking":false,"_exactmetrics_sitenote_active":false,"_exactmetrics_sitenote_note":"","_exactmetrics_sitenote_category":0,"_monsterinsights_sitenote_active":false,"_monsterinsights_sitenote_note":"","_monsterinsights_sitenote_category":0,"footnotes":""},"class_list":["post-338","page","type-page","status-publish","hentry"],"_links":{"self":[{"href":"https:\/\/dukes.space\/fr\/wp-json\/wp\/v2\/pages\/338","targetHints":{"allow":["GET"]}}],"collection":[{"href":"https:\/\/dukes.space\/fr\/wp-json\/wp\/v2\/pages"}],"about":[{"href":"https:\/\/dukes.space\/fr\/wp-json\/wp\/v2\/types\/page"}],"author":[{"embeddable":true,"href":"https:\/\/dukes.space\/fr\/wp-json\/wp\/v2\/users\/1"}],"replies":[{"embeddable":true,"href":"https:\/\/dukes.space\/fr\/wp-json\/wp\/v2\/comments?post=338"}],"version-history":[{"count":29,"href":"https:\/\/dukes.space\/fr\/wp-json\/wp\/v2\/pages\/338\/revisions"}],"predecessor-version":[{"id":1752,"href":"https:\/\/dukes.space\/fr\/wp-json\/wp\/v2\/pages\/338\/revisions\/1752"}],"wp:attachment":[{"href":"https:\/\/dukes.space\/fr\/wp-json\/wp\/v2\/media?parent=338"}],"curies":[{"name":"wp","href":"https:\/\/api.w.org\/{rel}","templated":true}]}}